{"id":77,"date":"2017-01-02T20:22:59","date_gmt":"2017-01-02T20:22:59","guid":{"rendered":"http:\/\/dgsp-rheinland-pfalz.de\/?page_id=77"},"modified":"2025-11-06T17:41:09","modified_gmt":"2025-11-06T16:41:09","slug":"vorstand","status":"publish","type":"page","link":"https:\/\/dgsp-rheinland-pfalz.de\/?page_id=77","title":{"rendered":"Vorstand"},"content":{"rendered":"\t\t<div data-elementor-type=\"wp-page\" data-elementor-id=\"77\" class=\"elementor elementor-77\">\n\t\t\t\t<div class=\"elementor-element elementor-element-3bf5c479 e-flex e-con-boxed e-con e-parent\" data-id=\"3bf5c479\" data-element_type=\"container\" data-e-type=\"container\">\n\t\t\t\t\t<div class=\"e-con-inner\">\n\t\t\t\t<div class=\"elementor-element elementor-element-1dff4e51 elementor-widget elementor-widget-text-editor\" data-id=\"1dff4e51\" data-element_type=\"widget\" data-e-type=\"widget\" data-widget_type=\"text-editor.default\">\n\t\t\t\t<div class=\"elementor-widget-container\">\n\t\t\t\t\t\t\t\t\t<p><\/p>\n<p>Bei der letzten Mitgliederversammlung wurde folgender Vorstand gew\u00e4hlt:<\/p>\n<p><\/p>\n<p><\/p>\n<p><span style=\"font-size: 1rem;\"><strong>Stefan Feld &#8211; Vorstandssprecher<\/strong><br>Dipl. Sozialarbeiter, Gesch\u00e4ftsf\u00fchrer der Bethesda St.Martin gGmbH und des Inklusionsbetriebes BEST in Boppard<br>In der DGSP seit 1998<br>Schwerpunkte meiner Arbeit: Leitlinien f\u00fcr den Umgang mit Neuroleptika und deren Umsetzung in die Beratungs- und Betreuungsarbeit, Krisen- und R\u00fcckzugsr\u00e4ume f\u00fcr Menschen in psychischen Krisen als Alternative zu Klinikaufenthalten, Wohn- und Betreuungsangebote f\u00fcr \u00e4ltere psychisch kranke Menschen<\/span><\/p>\n<p><\/p>\n<p><\/p>\n<figure class=\"wp-block-image size-large is-resized\"><img fetchpriority=\"high\" decoding=\"async\" width=\"1024\" height=\"768\" src=\"https:\/\/dgsp-rheinland-pfalz.de\/wp-content\/uploads\/2024\/06\/P1010004-1024x768.jpg\" alt=\"\" class=\"wp-image-381\" style=\"width:344px;height:auto\" srcset=\"https:\/\/dgsp-rheinland-pfalz.de\/wp-content\/uploads\/2024\/06\/P1010004-1024x768.jpg 1024w, https:\/\/dgsp-rheinland-pfalz.de\/wp-content\/uploads\/2024\/06\/P1010004-300x225.jpg 300w, https:\/\/dgsp-rheinland-pfalz.de\/wp-content\/uploads\/2024\/06\/P1010004-768x576.jpg 768w, https:\/\/dgsp-rheinland-pfalz.de\/wp-content\/uploads\/2024\/06\/P1010004-1536x1152.jpg 1536w, https:\/\/dgsp-rheinland-pfalz.de\/wp-content\/uploads\/2024\/06\/P1010004-2048x1536.jpg 2048w, https:\/\/dgsp-rheinland-pfalz.de\/wp-content\/uploads\/2024\/06\/P1010004-624x468.jpg 624w\" sizes=\"(max-width: 1024px) 100vw, 1024px\" \/><p><\/p>\n<figcaption class=\"wp-element-caption\">Foto privat<\/figcaption>\n<\/figure>\n<p><\/p>\n<p><\/p>\n<p><strong>Angela Lichtenth\u00e4ler &#8211; Vorstandssprecherin<\/strong><br><span style=\"font-size: 1rem;\">Dip. Sozialarbeiterin und Systemische Familientherapeutin, war besch\u00e4ftigt in der Psychiatrischen Institutsambulanz des Pfalzklinikums in Klingenm\u00fcnster<br>Vorstandsmitglied im B\u00fcndnis gegen Depression &#8222;Landau &#8211; S\u00fcdliche Weinstra\u00dfe e.V.&#8220;<br>In der DGSP seit 1989, Mitglied im Psychiatriebeirat S\u00fcdpfalz<br>Schwerpunkte meiner Arbeit in der DGSP: Ambulantisierung der Psychiatrie, Entstigmatisierung der psychischen Erkrankungen<\/span><\/p>\n<p><\/p>\n<p><\/p>\n<p><span style=\"font-size: 1rem;\"><span style=\"font-size: 1rem;\"><\/span><\/span><\/p>\n<p><\/p>\n<p><\/p>\n<figure class=\"wp-block-image size-large is-resized\"><img decoding=\"async\" width=\"1024\" height=\"1024\" src=\"https:\/\/dgsp-rheinland-pfalz.de\/wp-content\/uploads\/2024\/05\/Portraet-Angela-1024x1024.jpg\" alt=\"\" class=\"wp-image-369\" style=\"width:294px;height:auto\" srcset=\"https:\/\/dgsp-rheinland-pfalz.de\/wp-content\/uploads\/2024\/05\/Portraet-Angela-1024x1024.jpg 1024w, https:\/\/dgsp-rheinland-pfalz.de\/wp-content\/uploads\/2024\/05\/Portraet-Angela-300x300.jpg 300w, https:\/\/dgsp-rheinland-pfalz.de\/wp-content\/uploads\/2024\/05\/Portraet-Angela-150x150.jpg 150w, https:\/\/dgsp-rheinland-pfalz.de\/wp-content\/uploads\/2024\/05\/Portraet-Angela-768x768.jpg 768w, https:\/\/dgsp-rheinland-pfalz.de\/wp-content\/uploads\/2024\/05\/Portraet-Angela-1536x1536.jpg 1536w, https:\/\/dgsp-rheinland-pfalz.de\/wp-content\/uploads\/2024\/05\/Portraet-Angela-2048x2048.jpg 2048w, https:\/\/dgsp-rheinland-pfalz.de\/wp-content\/uploads\/2024\/05\/Portraet-Angela-624x624.jpg 624w\" sizes=\"(max-width: 1024px) 100vw, 1024px\" \/><p><\/p>\n<figcaption class=\"wp-element-caption\">Foto privat<\/figcaption>\n<\/figure>\n<p><\/p>\n<p><\/p>\n<p><\/p>\n<p><\/p>\n<h2 class=\"wp-block-heading\">Alexandra Fl\u00f6ck &#8211; Kassenwartin<\/h2>\n<p><\/p>\n<p><\/p>\n<p>Diplom Sozialarbeiterin, psychologische Beraterin (GWG), Supervisorin (GWG, DGSv)<\/p>\n<p><\/p>\n<p><\/p>\n<p>Einrichtungsleitung des Haus Bethesda und stellv. Einrichtungsleitung des Gemeindepsychiatrischen Zentrums der Bethesda St. Martin gGmbH in Boppard. In der DGSP seit 2020.<\/p>\n<p><\/p>\n<p><\/p>\n<p>Schwerpunkte meiner Arbeit: Mitglied des Fachausschuss Non Compliance und Eigensinn, Wohn- und Betreuungsangebote f\u00fcr schwer psychisch kranke Menschen und Wohn- und Betreuungsangebote f\u00fcr \u00e4ltere psychisch kranke Menschen.<\/p>\n<p><\/p>\n<p><\/p>\n<p><\/p>\n<p><\/p>\n<h2 class=\"wp-block-heading\">Andreas Geiger- Beisitzer<\/h2>\n<p><\/p>\n<p><\/p>\n<p>Sozialarbeiter (B.A.); Suchttherapeut (M.Sc.); seit 2021 Einrichtungsleiter des Heinrich-Egli-Hauses in Mainz (Wohnheim und Herberge f\u00fcr wohnungslose M\u00e4nner); ab 01.09.24 Leiter \u201eUnterkunft Plus\u201c in Mainz, Haus f\u00fcr obdachlose Menschen mit psychischen Problemlagen. 1968 geboren, seit 2016 in der DGSP. <\/p>\n<p><\/p>\n<p><\/p>\n<p>Schwerpunkte meiner Arbeit: Wohnungslosenhilfe als Betrachtung der Gesellschaft von unten, daher ein an ihren Bed\u00fcrfnissen orientierter Umgang auch f\u00fcr Menschen mit psychischen Erkrankungen und\/oder Menschen mit Suchtproblemen. <\/p>\n<p><\/p>\n<p><\/p>\n<p>Vertretung der DGSP in der \u201eAG Psychosoziale Gesundheit Gefl\u00fcchteter\u201c + im \u201eLandesbeirat zur Teilhabe von Menschen mit Behinderungen\u201c beim Ministerium f\u00fcr Arbeit, Soziales, Transformation und Digitalisierung. Sprecher Fachausschuss \u201eNon Compliance und Eigensinn\u201c der DGSP.<\/p>\n<p><\/p>\t\t\t\t\t\t\t\t<\/div>\n\t\t\t\t<\/div>\n\t\t\t\t\t<\/div>\n\t\t\t\t<\/div>\n\t\t<div class=\"elementor-element elementor-element-5984b3a e-flex e-con-boxed e-con e-parent\" data-id=\"5984b3a\" data-element_type=\"container\" data-e-type=\"container\">\n\t\t\t\t\t<div class=\"e-con-inner\">\n\t\t\t\t<div class=\"elementor-element elementor-element-fbe45b2 elementor-widget elementor-widget-heading\" data-id=\"fbe45b2\" data-element_type=\"widget\" data-e-type=\"widget\" data-widget_type=\"heading.default\">\n\t\t\t\t<div class=\"elementor-widget-container\">\n\t\t\t\t\t<h2 class=\"elementor-heading-title elementor-size-default\">Marion Pauly - Beisitzerin<\/h2>\t\t\t\t<\/div>\n\t\t\t\t<\/div>\n\t\t\t\t<div class=\"elementor-element elementor-element-3382b30 elementor-widget elementor-widget-text-editor\" data-id=\"3382b30\" data-element_type=\"widget\" data-e-type=\"widget\" data-widget_type=\"text-editor.default\">\n\t\t\t\t<div class=\"elementor-widget-container\">\n\t\t\t\t\t\t\t\t\t<p><\/p>\n<p>Dipl.Sozialp\u00e4dagogin; seit 2016 Einrichtungsleiterin des Hauses St. Martin der Bethesda-St. Martin gGmbH in Kastellaun.<\/p>\n<p>Mitglied in der DGSP seit 2014.<\/p>\n<p>Schwerpunkt meiner Arbeit: Wohn- und Betreuungsangebote f\u00fcr schwer psychisch erkrankte Menschen. Aufbau eines ambulanten Dienstes und weitere Etablierung von Soziotherapie<\/p>\t\t\t\t\t\t\t\t<\/div>\n\t\t\t\t<\/div>\n\t\t\t\t\t<\/div>\n\t\t\t\t<\/div>\n\t\t<div class=\"elementor-element elementor-element-9808594 e-flex e-con-boxed e-con e-parent\" data-id=\"9808594\" data-element_type=\"container\" data-e-type=\"container\">\n\t\t\t\t\t<div class=\"e-con-inner\">\n\t\t\t\t<div class=\"elementor-element elementor-element-9e4d813 elementor-widget elementor-widget-heading\" data-id=\"9e4d813\" data-element_type=\"widget\" data-e-type=\"widget\" data-widget_type=\"heading.default\">\n\t\t\t\t<div class=\"elementor-widget-container\">\n\t\t\t\t\t<h2 class=\"elementor-heading-title elementor-size-default\">Christian K\u00fclzer - Beisitzer<\/h2>\t\t\t\t<\/div>\n\t\t\t\t<\/div>\n\t\t\t\t<div class=\"elementor-element elementor-element-4fc1922 elementor-widget elementor-widget-text-editor\" data-id=\"4fc1922\" data-element_type=\"widget\" data-e-type=\"widget\" data-widget_type=\"text-editor.default\">\n\t\t\t\t<div class=\"elementor-widget-container\">\n\t\t\t\t\t\t\t\t\t<p>Fachpfleger f\u00fcr psychiatrische Pflege, Pflegedienstleitung und Deeskalationstrainer. Seit 1996 psychiatrisch t\u00e4tig, bis 2009 im klinischen Akutbereich, seit 2009 in der Eingliederungshilfe. Einrichtungsleitung des Gemeindepsychiatrischen Zentrums und stellvertretende Einrichtungsleitung des Hauses Bethesda der Bethesda St. Martin gGmbH in Boppard. In der DGSP seit 2024<\/p>\t\t\t\t\t\t\t\t<\/div>\n\t\t\t\t<\/div>\n\t\t\t\t\t<\/div>\n\t\t\t\t<\/div>\n\t\t\t\t<\/div>\n\t\t","protected":false},"excerpt":{"rendered":"<p>Bei der letzten Mitgliederversammlung wurde folgender Vorstand gew\u00e4hlt: Stefan Feld &#8211; VorstandssprecherDipl. Sozialarbeiter, Gesch\u00e4ftsf\u00fchrer der Bethesda St.Martin gGmbH und des Inklusionsbetriebes BEST in BoppardIn der DGSP seit 1998Schwerpunkte meiner Arbeit: Leitlinien f\u00fcr den Umgang mit Neuroleptika und deren Umsetzung in die Beratungs- und Betreuungsarbeit, Krisen- und R\u00fcckzugsr\u00e4ume f\u00fcr Menschen in psychischen Krisen als Alternative zu [&hellip;]<\/p>\n","protected":false},"author":1,"featured_media":0,"parent":0,"menu_order":3,"comment_status":"closed","ping_status":"closed","template":"","meta":{"footnotes":""},"class_list":["post-77","page","type-page","status-publish","hentry"],"_links":{"self":[{"href":"https:\/\/dgsp-rheinland-pfalz.de\/index.php?rest_route=\/wp\/v2\/pages\/77","targetHints":{"allow":["GET"]}}],"collection":[{"href":"https:\/\/dgsp-rheinland-pfalz.de\/index.php?rest_route=\/wp\/v2\/pages"}],"about":[{"href":"https:\/\/dgsp-rheinland-pfalz.de\/index.php?rest_route=\/wp\/v2\/types\/page"}],"author":[{"embeddable":true,"href":"https:\/\/dgsp-rheinland-pfalz.de\/index.php?rest_route=\/wp\/v2\/users\/1"}],"replies":[{"embeddable":true,"href":"https:\/\/dgsp-rheinland-pfalz.de\/index.php?rest_route=%2Fwp%2Fv2%2Fcomments&post=77"}],"version-history":[{"count":46,"href":"https:\/\/dgsp-rheinland-pfalz.de\/index.php?rest_route=\/wp\/v2\/pages\/77\/revisions"}],"predecessor-version":[{"id":652,"href":"https:\/\/dgsp-rheinland-pfalz.de\/index.php?rest_route=\/wp\/v2\/pages\/77\/revisions\/652"}],"wp:attachment":[{"href":"https:\/\/dgsp-rheinland-pfalz.de\/index.php?rest_route=%2Fwp%2Fv2%2Fmedia&parent=77"}],"curies":[{"name":"wp","href":"https:\/\/api.w.org\/{rel}","templated":true}]}}