{"id":582,"date":"2025-05-23T10:38:46","date_gmt":"2025-05-23T08:38:46","guid":{"rendered":"https:\/\/dgsp-rheinland-pfalz.de\/?page_id=582"},"modified":"2026-03-02T09:29:22","modified_gmt":"2026-03-02T08:29:22","slug":"archiv","status":"publish","type":"page","link":"https:\/\/dgsp-rheinland-pfalz.de\/?page_id=582","title":{"rendered":"Archiv"},"content":{"rendered":"\t\t<div data-elementor-type=\"wp-page\" data-elementor-id=\"582\" class=\"elementor elementor-582\">\n\t\t\t\t<div class=\"elementor-element elementor-element-64c7b15 e-flex e-con-boxed e-con e-parent\" data-id=\"64c7b15\" data-element_type=\"container\" data-e-type=\"container\">\n\t\t\t\t\t<div class=\"e-con-inner\">\n\t\t\t\t<div class=\"elementor-element elementor-element-98b9bd2 elementor-widget elementor-widget-text-editor\" data-id=\"98b9bd2\" data-element_type=\"widget\" data-e-type=\"widget\" data-widget_type=\"text-editor.default\">\n\t\t\t\t<div class=\"elementor-widget-container\">\n\t\t\t\t\t\t\t\t\t<p>Unsere letzte Fachtagung und Mitgliederversammlung fand am 24. September 2025 in Mainz im Erbacher Hof statt.\u00a0<\/p><p>Unter dem Titel:\u00a0 <strong>&#8222;Lieber&#8220; wohnungslos als psychisch krank? &#8211; Hindernisse und Hilfen<\/strong><\/p><p>haben wir neue M\u00f6glichkeiten und Konzepte der Versorgung der Menschen, die durch alle Systeme gefallen sind oder von diesen abgewiesen wurden, trialogisch diskutiert.<\/p><p>Andreas Geiger, Leiter des Heinrich-Egli-Hauses und der Unterkunft Plus in Mainz hat sehr pers\u00f6nlich seinen Zugang und seine Erfahrungen in der Wohnungslosenhilfe dargestellt. Die aktuellen Entwicklungen und Ver\u00e4nderungen wurden in seinem Vortrag: Wohnungslos statt &#8222;psychisch krank&#8220;?-Menschen im &#8222;Bermuda-Dreieck&#8220; der verschiedenen Hilfesysteme\u00a0 eindr\u00fccklich deutlich.\u00a0<\/p><p>Eva Martin vom Frankfurter Forum f\u00fcr Psychische Krisenbew\u00e4ltigung, einer &#8222;stark politisch engagierten Selbsthilfegruppe&#8220; und Petros, der mit anderen wohnungslosen Menschen in einer selbstorganissierten Gemeinschaft lebt, veranschaulichten sehr &#8222;hautnah&#8220; ihre Lebensbedingungen und die Verwunderung, dass etablierte Hilfesysteme bei ihnen um Unterkunft oder Rat f\u00fcr Klienten nachfragen.<\/p><p>Heike Petereit-Zipfel, bis Mai 2025 stellvertretende Vorsitzende des Bundesverbands der Angeh\u00f6rigen (BApK) und Mitglied im trialogischen Zentrumsrat\u00a0 des DZPG (Deutsches Zentrum f\u00fcr Psychische Gesundheit) richtete in ihrem Vortrag: Zwischen Systemflucht und Systemzwang &#8211; Angeh\u00f6rige im blinden Fleck der Versorgung den Blick auf die N\u00f6te und Verzweiflung der Angeh\u00f6rigen verbunden mit konkreten Forderungen f\u00fcr notwendige Ver\u00e4nderungen und Ma\u00dfnahmen.\u00a0<\/p><p>Nadine Schmerbach von der Gesellschaft f\u00fcr Sozialarbeit Bielefeld e.V. ist Leiterin der Pension Plus in Bielefeld und stellte einen Alltag mit besonderen und gelingenden Beziehungsangeboten dar. Die Einrichtung f\u00fchlt sich f\u00fcr Menschen, die von anderen Systemen abgewiesen wurden, verantwortlich und bietet \u00fcber einen langfristigen Zeitraum einen Entwicklungsraum zu einem selbst\u00e4ndigen Leben im eigenen Wohnraum.\u00a0<\/p><p>Abgerundet wurde die Veranstaltung durch eine von Alexandra Fl\u00f6ck moderierte Diskussion mit allen Vortragenden.\u00a0<\/p>\t\t\t\t\t\t\t\t<\/div>\n\t\t\t\t<\/div>\n\t\t\t\t\t<\/div>\n\t\t\t\t<\/div>\n\t\t<div class=\"elementor-element elementor-element-43a92f4 e-flex e-con-boxed e-con e-parent\" data-id=\"43a92f4\" data-element_type=\"container\" data-e-type=\"container\">\n\t\t\t\t\t<div class=\"e-con-inner\">\n\t\t\t\t<div class=\"elementor-element elementor-element-84fc476 elementor-widget elementor-widget-text-editor\" data-id=\"84fc476\" data-element_type=\"widget\" data-e-type=\"widget\" data-widget_type=\"text-editor.default\">\n\t\t\t\t<div class=\"elementor-widget-container\">\n\t\t\t\t\t\t\t\t\t<p>Hier finden Sie zwei der Vortr\u00e4ge\u00a0<\/p><p><a href=\"https:\/\/dgsp-rheinland-pfalz.de\/wp-content\/uploads\/2025\/10\/Wohungslos-statt-22psychisch-krank22-Menschen-in-Bermuda-Dreieck-der-verschiedenen-Hilfesysteme.pdf\">Wohungslos statt psychisch krank?-Menschen in Bermuda-Dreieck der verschiedenen Hilfesysteme<\/a><\/p><p><a href=\"https:\/\/dgsp-rheinland-pfalz.de\/wp-content\/uploads\/2025\/10\/Zwischen-Systemflucht-und-Systemzwang-Angehoerige-im-blinden-Fleck-der-Versorgung.pdf\">Zwischen Systemflucht und Systemzwang &#8211; Angeh\u00f6rige im blinden Fleck der Versorgung<\/a><\/p>\t\t\t\t\t\t\t\t<\/div>\n\t\t\t\t<\/div>\n\t\t\t\t\t<\/div>\n\t\t\t\t<\/div>\n\t\t<div class=\"elementor-element elementor-element-6812599 e-flex e-con-boxed e-con e-parent\" data-id=\"6812599\" data-element_type=\"container\" data-e-type=\"container\">\n\t\t\t\t\t<div class=\"e-con-inner\">\n\t\t\t\t<div class=\"elementor-element elementor-element-5a104ee1 elementor-widget elementor-widget-text-editor\" data-id=\"5a104ee1\" data-element_type=\"widget\" data-e-type=\"widget\" data-widget_type=\"text-editor.default\">\n\t\t\t\t<div class=\"elementor-widget-container\">\n\t\t\t\t\t\t\t\t\t\n<p>\u00a0<\/p>\n\n<h2 class=\"wp-block-heading\">Unsere Fachtagung 2024 in Frankenthal stand unter einem bewusst provozierenden Titel.<\/h2>\n\n<p>Im Vorfeld hatten die Referentinnen zu dem Wort &#8222;geklaut&#8220; viele Ideen gesammelt und konnten mit sehr pers\u00f6nlichen Vortr\u00e4gen aus den drei Perspektiven der Psychiatrie-Erfahrenen, der Angeh\u00f6rigen und der Professionellen die Zuh\u00f6rer zum Weiterdenken, Nachfragen, Widersprechen und Erg\u00e4nzen bewegen.<\/p>\n\n<p>Dementsprechend war die Podiumsdikussion im Nachmittag sehr lebendig. Besonders deutlich wurde die Wichtigkeit der Wortwahl im trialogischen Diskurs, welche Zuschreibungen in bestimmten W\u00f6rtern mitgedacht, bzw. mitgeh\u00f6rt werden. Der Raum und die Zeit f\u00fcr einen sehr offenen und pers\u00f6nlichen Austausch wurden ausgiebig in Anspruch genommen. Alle Beteiligten waren f\u00fcr die Diskussionen und Begegnungen sehr dankbar.<\/p>\n\n<p>Unser Dank gilt den Referentinnen:<\/p>\n\n<ul class=\"wp-block-list\">\n<li>Julia Lippert aus Berlin<\/li>\n\n<li>Esther Herrmann vom Landesverband der Angeh\u00f6rigen<\/li>\n\n<li>Petra Haberer vom Pfalzklinikum<\/li>\n<\/ul>\n\n<p>Inge Michels als Moderatorin leitete die Podiumsdiskussion sehr umsichtig.<\/p>\n\n<p>Dr. Julia Schwaben als Psychiatriereferentin und Mirko Olo\u0161tiak-Brahms von EX-INN Baden-W\u00fcrttemberg\u00a0 bereicherten und erg\u00e4nzten in der Podiumsdiskussion mit ihren Beitr\u00e4gen die im Vormittag angesprochenen Themen.<\/p>\n\n<h2 class=\"wp-block-heading\">\u00a0<\/h2>\n\t\t\t\t\t\t\t\t<\/div>\n\t\t\t\t<\/div>\n\t\t\t\t\t<\/div>\n\t\t\t\t<\/div>\n\t\t\t\t<\/div>\n\t\t","protected":false},"excerpt":{"rendered":"<p>Unsere letzte Fachtagung und Mitgliederversammlung fand am 24. September 2025 in Mainz im Erbacher Hof statt.\u00a0 Unter dem Titel:\u00a0 &#8222;Lieber&#8220; wohnungslos als psychisch krank? &#8211; Hindernisse und Hilfen haben wir neue M\u00f6glichkeiten und Konzepte der Versorgung der Menschen, die durch alle Systeme gefallen sind oder von diesen abgewiesen wurden, trialogisch diskutiert. Andreas Geiger, Leiter des [&hellip;]<\/p>\n","protected":false},"author":1,"featured_media":0,"parent":0,"menu_order":0,"comment_status":"closed","ping_status":"closed","template":"","meta":{"footnotes":""},"class_list":["post-582","page","type-page","status-publish","hentry"],"_links":{"self":[{"href":"https:\/\/dgsp-rheinland-pfalz.de\/index.php?rest_route=\/wp\/v2\/pages\/582","targetHints":{"allow":["GET"]}}],"collection":[{"href":"https:\/\/dgsp-rheinland-pfalz.de\/index.php?rest_route=\/wp\/v2\/pages"}],"about":[{"href":"https:\/\/dgsp-rheinland-pfalz.de\/index.php?rest_route=\/wp\/v2\/types\/page"}],"author":[{"embeddable":true,"href":"https:\/\/dgsp-rheinland-pfalz.de\/index.php?rest_route=\/wp\/v2\/users\/1"}],"replies":[{"embeddable":true,"href":"https:\/\/dgsp-rheinland-pfalz.de\/index.php?rest_route=%2Fwp%2Fv2%2Fcomments&post=582"}],"version-history":[{"count":12,"href":"https:\/\/dgsp-rheinland-pfalz.de\/index.php?rest_route=\/wp\/v2\/pages\/582\/revisions"}],"predecessor-version":[{"id":670,"href":"https:\/\/dgsp-rheinland-pfalz.de\/index.php?rest_route=\/wp\/v2\/pages\/582\/revisions\/670"}],"wp:attachment":[{"href":"https:\/\/dgsp-rheinland-pfalz.de\/index.php?rest_route=%2Fwp%2Fv2%2Fmedia&parent=582"}],"curies":[{"name":"wp","href":"https:\/\/api.w.org\/{rel}","templated":true}]}}