{"id":207,"date":"2017-01-15T13:29:38","date_gmt":"2017-01-15T13:29:38","guid":{"rendered":"http:\/\/dgsp-rheinland-pfalz.de\/?page_id=207"},"modified":"2025-07-21T11:07:04","modified_gmt":"2025-07-21T09:07:04","slug":"home","status":"publish","type":"page","link":"https:\/\/dgsp-rheinland-pfalz.de\/","title":{"rendered":"Home"},"content":{"rendered":"\t\t<div data-elementor-type=\"wp-page\" data-elementor-id=\"207\" class=\"elementor elementor-207\">\n\t\t\t\t<div class=\"elementor-element elementor-element-7b346193 e-flex e-con-boxed e-con e-parent\" data-id=\"7b346193\" data-element_type=\"container\" data-e-type=\"container\">\n\t\t\t\t\t<div class=\"e-con-inner\">\n\t\t\t\t<div class=\"elementor-element elementor-element-64cb1e5d elementor-widget elementor-widget-text-editor\" data-id=\"64cb1e5d\" data-element_type=\"widget\" data-e-type=\"widget\" data-widget_type=\"text-editor.default\">\n\t\t\t\t<div class=\"elementor-widget-container\">\n\t\t\t\t\t\t\t\t\t<h2>Willkommen bei der DGSP Rheinland-Pfalz<\/h2><h3>\u00dcber die DGSP<\/h3><p>Die Deutsche Gesellschaft f\u00fcr Soziale Psychiatrie wurde Anfang der 70er Jahre von engagierten Mitarbeiterinnen und Mitarbeitern aller Berufsgruppen gegr\u00fcndet. Es war die Zeit, in der die\u00a0 Psychiatrie-Enquete in Auftrag gegeben wurde. In diesem Bericht \u00fcber die Lage der Psychiatrie in der Bundesrepublik Deutschland wurde die unmenschliche und katastrophale Lage der psychiatrischen Versorgung in Deutschland beschrieben. Es gab fast ausschlie\u00dflich die Versorgung in Gro\u00dfkliniken abseits der St\u00e4dte, Angebote in der eigenen Gemeinde, die ein Verbleiben in der gewohnten Umgebung m\u00f6glich gemacht h\u00e4tten, gab es nicht.<br \/>Mitglieder der DGSP trugen an entscheidenden Stellen in den psychiatrischen Einrichtungen wesentlich dazu bei, diese unhaltbaren Zust\u00e4nde zu ver\u00e4ndern. Mehr Informationen \u00fcber die Arbeit der DGSG auf Bundesebene finden Sie auf der Homepage der Bundes-DGSP.<\/p><p>Die DGSP Rheinland-Pfalz wurde 1979 gegr\u00fcndet. Zu dieser Zeit gab es, ausgel\u00f6st durch die Psychiatrie-Enquete, in vielen Bereichen der damaligen BRD eine Aufbruchstimmung in der psychiatrischen Versorgungslandschaft. In Rheinland-Pfalz jedoch waren nur zaghafte Ans\u00e4tze beim Aufbau einer gemeindepsychiatrischen Versorgung vorhanden. Lange hinkte die Entwicklung in Rheinland-Pfalz hinterher. Von Seiten der DGSP wurden entscheidende Reformschritte angemahnt. Als der damalige Landesvorsitzende der DGSP Bernhard Scholten 1991 Psychiatriereferent im Sozialministerium unter Richard Auernheimer wurde, kam die Psychiatriereform auch in Rheinland-Pfalz richtig in Gang.<br \/>Mitglieder der DGSP Rheinland-Pfalz haben an vielen Orten im Lande verantwortlich dazu beigetragen, dass die gemeindepsychiatrische Versorgung fl\u00e4chendeckend umgesetzt wurde. Sie arbeiten auf Landes- und auf kommunaler Ebene in den Psychiatriebeir\u00e4ten und Psychosozialen Arbeitsgemeinschaften mit. \u00dcber lange Jahre gab es einen regelm\u00e4\u00dfigen Austausch mit der Landesregierung. Die DGSP wird als berufsgruppen\u00fcbergreifender und von Tr\u00e4gerinteressen unabh\u00e4ngiger Gespr\u00e4chspartner gesch\u00e4tzt.<br \/>Regelm\u00e4\u00dfig finden Fachtagungen zu aktuellen Themen statt.\u00a0<\/p><p>Wenn Sie sich f\u00fcr eine Mitarbeit in der DGSP Rheinland-Pfalz interessieren, laden wir Sie ein, mit uns unter den angegebenen Adressen Kontakt aufzunehmen.<\/p><p><strong>Satzung<\/strong><\/p><p>Die aktuelle Satzung unseres Landesverbandes finden Sie hier.<\/p><p><a href=\"https:\/\/dgsp-rheinland-pfalz.de\/wp-content\/uploads\/2018\/10\/Satzung2017.pdf\">Satzung<\/a><\/p><p><strong>Beitrittserkl\u00e4rung<\/strong><\/p><p><a href=\"https:\/\/dgsp-rheinland-pfalz.de\/wp-content\/uploads\/2024\/05\/DGSP-Beitrittserkla__rung_2021.pdf\">DGSP-Beitrittserkl\u00e4rung_2021<\/a><\/p><p><\/p><p><\/p>\t\t\t\t\t\t\t\t<\/div>\n\t\t\t\t<\/div>\n\t\t\t\t\t<\/div>\n\t\t\t\t<\/div>\n\t\t\t\t<\/div>\n\t\t","protected":false},"excerpt":{"rendered":"<p>Willkommen bei der DGSP Rheinland-Pfalz \u00dcber die DGSP Die Deutsche Gesellschaft f\u00fcr Soziale Psychiatrie wurde Anfang der 70er Jahre von engagierten Mitarbeiterinnen und Mitarbeitern aller Berufsgruppen gegr\u00fcndet. Es war die Zeit, in der die\u00a0 Psychiatrie-Enquete in Auftrag gegeben wurde. In diesem Bericht \u00fcber die Lage der Psychiatrie in der Bundesrepublik Deutschland wurde die unmenschliche und [&hellip;]<\/p>\n","protected":false},"author":1,"featured_media":0,"parent":0,"menu_order":0,"comment_status":"closed","ping_status":"closed","template":"","meta":{"footnotes":""},"class_list":["post-207","page","type-page","status-publish","hentry"],"_links":{"self":[{"href":"https:\/\/dgsp-rheinland-pfalz.de\/index.php?rest_route=\/wp\/v2\/pages\/207","targetHints":{"allow":["GET"]}}],"collection":[{"href":"https:\/\/dgsp-rheinland-pfalz.de\/index.php?rest_route=\/wp\/v2\/pages"}],"about":[{"href":"https:\/\/dgsp-rheinland-pfalz.de\/index.php?rest_route=\/wp\/v2\/types\/page"}],"author":[{"embeddable":true,"href":"https:\/\/dgsp-rheinland-pfalz.de\/index.php?rest_route=\/wp\/v2\/users\/1"}],"replies":[{"embeddable":true,"href":"https:\/\/dgsp-rheinland-pfalz.de\/index.php?rest_route=%2Fwp%2Fv2%2Fcomments&post=207"}],"version-history":[{"count":33,"href":"https:\/\/dgsp-rheinland-pfalz.de\/index.php?rest_route=\/wp\/v2\/pages\/207\/revisions"}],"predecessor-version":[{"id":616,"href":"https:\/\/dgsp-rheinland-pfalz.de\/index.php?rest_route=\/wp\/v2\/pages\/207\/revisions\/616"}],"wp:attachment":[{"href":"https:\/\/dgsp-rheinland-pfalz.de\/index.php?rest_route=%2Fwp%2Fv2%2Fmedia&parent=207"}],"curies":[{"name":"wp","href":"https:\/\/api.w.org\/{rel}","templated":true}]}}